{"id":109,"date":"2024-11-19T13:56:43","date_gmt":"2024-11-19T13:56:43","guid":{"rendered":"https:\/\/qvance.se\/?page_id=109"},"modified":"2024-11-24T09:18:24","modified_gmt":"2024-11-24T09:18:24","slug":"affiliations","status":"publish","type":"page","link":"https:\/\/qvance.se\/sv\/affiliations\/","title":{"rendered":"Tillh\u00f6righeter"},"content":{"rendered":"<div class=\"wp-block-columns is-layout-flex wp-container-core-columns-is-layout-9d6595d7 wp-block-columns-is-layout-flex\">\n<div class=\"wp-block-column is-layout-flow wp-block-column-is-layout-flow\" style=\"flex-basis:33.33%\">\n<figure class=\"wp-block-image size-full\"><img loading=\"lazy\" decoding=\"async\" width=\"600\" height=\"162\" src=\"https:\/\/qvance.se\/wp-content\/uploads\/2024\/11\/ATMP-logo_1000-600x162-1.png\" alt=\"\" class=\"wp-image-170\" srcset=\"https:\/\/qvance.se\/wp-content\/uploads\/2024\/11\/ATMP-logo_1000-600x162-1.png 600w, https:\/\/qvance.se\/wp-content\/uploads\/2024\/11\/ATMP-logo_1000-600x162-1-300x81.png 300w, https:\/\/qvance.se\/wp-content\/uploads\/2024\/11\/ATMP-logo_1000-600x162-1-18x5.png 18w\" sizes=\"auto, (max-width: 600px) 100vw, 600px\" \/><\/figure>\n<\/div>\n\n\n\n<div class=\"wp-block-column is-vertically-aligned-center is-layout-flow wp-block-column-is-layout-flow\" style=\"flex-basis:66.66%\">\n<p class=\"has-text-align-left\">QVance \u00e4r baserat p\u00e5 NOVUM Laboratories och \u00e4r medlem i ATMP Flemingsberg <a href=\"https:\/\/atmpflemingsberg.se\/\" target=\"_blank\" rel=\"noreferrer noopener\"><strong>ATMP Flemingsberg &#8211; ATMP Flemingsberg<\/strong><\/a><\/p>\n<\/div>\n<\/div>\n\n\n\n<div style=\"height:101px\" aria-hidden=\"true\" class=\"wp-block-spacer\"><\/div>\n\n\n\n<div class=\"wp-block-columns is-layout-flex wp-container-core-columns-is-layout-9d6595d7 wp-block-columns-is-layout-flex\">\n<div class=\"wp-block-column is-layout-flow wp-block-column-is-layout-flow\" style=\"flex-basis:33.33%\"><div class=\"wp-block-image\">\n<figure class=\"aligncenter size-full\"><img loading=\"lazy\" decoding=\"async\" width=\"800\" height=\"259\" src=\"https:\/\/qvance.se\/wp-content\/uploads\/2024\/11\/FlemingsbergScience-1.png\" alt=\"\" class=\"wp-image-270\" srcset=\"https:\/\/qvance.se\/wp-content\/uploads\/2024\/11\/FlemingsbergScience-1.png 800w, https:\/\/qvance.se\/wp-content\/uploads\/2024\/11\/FlemingsbergScience-1-300x97.png 300w, https:\/\/qvance.se\/wp-content\/uploads\/2024\/11\/FlemingsbergScience-1-768x249.png 768w\" sizes=\"auto, (max-width: 800px) 100vw, 800px\" \/><\/figure>\n<\/div><\/div>\n\n\n\n<div class=\"wp-block-column is-vertically-aligned-center is-layout-flow wp-block-column-is-layout-flow\" style=\"flex-basis:66.66%\">\n<p>QVance \u00e4r stolt \u00f6ver att vara anslutet till Flemingsberg Science <a href=\"https:\/\/flemingsbergscience.se\/sv\/start\/\" target=\"_blank\" rel=\"noreferrer noopener\"><strong>Flemingsberg Science \u2013 Flemingsberg Science \u2013 Where you share knowledge, innovation and success.<\/strong><\/a><\/p>\n<\/div>\n<\/div>\n\n\n\n<p><\/p>","protected":false},"excerpt":{"rendered":"<p>Based out of the NOVUM Laboratories, QVance is a member of ATMP Flemingsberg &#8211; ATMP Flemingsberg &#8211; ATMP Flemingsberg QVance is proud to be affiliated to Flemingsberg Science &#8211; Flemingsberg Science \u2013 Flemingsberg Science \u2013 Where you share knowledge, innovation and success.<\/p>","protected":false},"author":1,"featured_media":0,"parent":0,"menu_order":0,"comment_status":"closed","ping_status":"closed","template":"","meta":{"footnotes":""},"class_list":["post-109","page","type-page","status-publish","hentry"],"aioseo_notices":[],"_links":{"self":[{"href":"https:\/\/qvance.se\/sv\/wp-json\/wp\/v2\/pages\/109","targetHints":{"allow":["GET"]}}],"collection":[{"href":"https:\/\/qvance.se\/sv\/wp-json\/wp\/v2\/pages"}],"about":[{"href":"https:\/\/qvance.se\/sv\/wp-json\/wp\/v2\/types\/page"}],"author":[{"embeddable":true,"href":"https:\/\/qvance.se\/sv\/wp-json\/wp\/v2\/users\/1"}],"replies":[{"embeddable":true,"href":"https:\/\/qvance.se\/sv\/wp-json\/wp\/v2\/comments?post=109"}],"version-history":[{"count":17,"href":"https:\/\/qvance.se\/sv\/wp-json\/wp\/v2\/pages\/109\/revisions"}],"predecessor-version":[{"id":273,"href":"https:\/\/qvance.se\/sv\/wp-json\/wp\/v2\/pages\/109\/revisions\/273"}],"wp:attachment":[{"href":"https:\/\/qvance.se\/sv\/wp-json\/wp\/v2\/media?parent=109"}],"curies":[{"name":"wp","href":"https:\/\/api.w.org\/{rel}","templated":true}]}}