{"id":141,"date":"2024-11-20T11:03:14","date_gmt":"2024-11-20T11:03:14","guid":{"rendered":"https:\/\/qvance.se\/?page_id=141"},"modified":"2026-01-13T14:19:57","modified_gmt":"2026-01-13T14:19:57","slug":"sterility","status":"publish","type":"page","link":"https:\/\/qvance.se\/sv\/sterility\/","title":{"rendered":"Sterilitet och F\u00f6roreningar"},"content":{"rendered":"<div class=\"wp-block-columns is-layout-flex wp-container-core-columns-is-layout-9d6595d7 wp-block-columns-is-layout-flex\">\n<div class=\"wp-block-column is-layout-flow wp-block-column-is-layout-flow\">\n<p>Sterilitet och f\u00f6roreningar \u00e4r en integrerad del av din kvalitetskontrollstrategi. QVance kan erbjuda b\u00e5de snabba och traditionella metoder som uppfyller farmakop\u00e9ns krav p\u00e5 plats i Sverige.<\/p>\n\n\n\n<p>Sterilitet (snabbtestning via BACTALERT\u00ae 3D)<\/p>\n\n\n\n<p>Sterilitet (traditionell odlingsmetodik)<\/p>\n\n\n\n<p>Mykoplasma-detektion (qPCR)<\/p>\n\n\n\n<p>Endotoxin (Endosafe\u00ae nexgen-PTS\u2122)<\/p>\n\n\n\n<div style=\"height:30px\" aria-hidden=\"true\" class=\"wp-block-spacer\"><\/div>\n\n\n\n<p>Vi hj\u00e4lper g\u00e4rna v\u00e5ra kunder att utveckla nya, specifika analyser f\u00f6r att utv\u00e4rdera renheten hos prover och l\u00e4kemedelsprodukter. Dessutom finns ett brett utbud av analyser f\u00f6r utv\u00e4rdering av f\u00f6roreningar, utv\u00e4rdering och kvalificering av r\u00e5material, lakbara och extraherbara \u00e4mnen samt partiklar. Dessa analyser erbjuder QVance via v\u00e5ra partners. F\u00f6r ytterligare information, v\u00e4nligen kontakta oss p\u00e5 info@qvance.se&nbsp;<a href=\"mailto:info@qvance.se\"><strong>info@qvance.se<\/strong><\/a><\/p>\n<\/div>\n\n\n\n<div class=\"wp-block-column is-layout-flow wp-block-column-is-layout-flow\">\n<figure class=\"wp-block-image size-large\"><img loading=\"lazy\" decoding=\"async\" width=\"1024\" height=\"683\" src=\"https:\/\/qvance.se\/wp-content\/uploads\/2024\/11\/C76CC617-4E74-4889-AF8C-4031D2BEB82B-1-1024x683.jpeg\" alt=\"\" class=\"wp-image-207\" srcset=\"https:\/\/qvance.se\/wp-content\/uploads\/2024\/11\/C76CC617-4E74-4889-AF8C-4031D2BEB82B-1-1024x683.jpeg 1024w, https:\/\/qvance.se\/wp-content\/uploads\/2024\/11\/C76CC617-4E74-4889-AF8C-4031D2BEB82B-1-300x200.jpeg 300w, https:\/\/qvance.se\/wp-content\/uploads\/2024\/11\/C76CC617-4E74-4889-AF8C-4031D2BEB82B-1-768x512.jpeg 768w, https:\/\/qvance.se\/wp-content\/uploads\/2024\/11\/C76CC617-4E74-4889-AF8C-4031D2BEB82B-1-18x12.jpeg 18w, https:\/\/qvance.se\/wp-content\/uploads\/2024\/11\/C76CC617-4E74-4889-AF8C-4031D2BEB82B-1.jpeg 1500w\" sizes=\"auto, (max-width: 1024px) 100vw, 1024px\" \/><\/figure>\n<\/div>\n<\/div>","protected":false},"excerpt":{"rendered":"<p>Sterility and impurities represent an integral part of your quality control strategy. QVance is able to offer both rapid and traditional, Pharmacopoeia compliant methods on site in Sweden. Sterility (rapid testing via BACTALERT\u00ae 3D) Sterility (traditional culture methodology) Mycoplasma detection (qPCR) Endotoxin (Endosafe\u00ae nexgen-PTS\u2122) We are happy to support customers with the development of new, [&hellip;]<\/p>","protected":false},"author":1,"featured_media":0,"parent":0,"menu_order":0,"comment_status":"closed","ping_status":"closed","template":"","meta":{"footnotes":""},"class_list":["post-141","page","type-page","status-publish","hentry"],"aioseo_notices":[],"_links":{"self":[{"href":"https:\/\/qvance.se\/sv\/wp-json\/wp\/v2\/pages\/141","targetHints":{"allow":["GET"]}}],"collection":[{"href":"https:\/\/qvance.se\/sv\/wp-json\/wp\/v2\/pages"}],"about":[{"href":"https:\/\/qvance.se\/sv\/wp-json\/wp\/v2\/types\/page"}],"author":[{"embeddable":true,"href":"https:\/\/qvance.se\/sv\/wp-json\/wp\/v2\/users\/1"}],"replies":[{"embeddable":true,"href":"https:\/\/qvance.se\/sv\/wp-json\/wp\/v2\/comments?post=141"}],"version-history":[{"count":5,"href":"https:\/\/qvance.se\/sv\/wp-json\/wp\/v2\/pages\/141\/revisions"}],"predecessor-version":[{"id":415,"href":"https:\/\/qvance.se\/sv\/wp-json\/wp\/v2\/pages\/141\/revisions\/415"}],"wp:attachment":[{"href":"https:\/\/qvance.se\/sv\/wp-json\/wp\/v2\/media?parent=141"}],"curies":[{"name":"wp","href":"https:\/\/api.w.org\/{rel}","templated":true}]}}