{"id":143,"date":"2024-11-20T11:03:26","date_gmt":"2024-11-20T11:03:26","guid":{"rendered":"https:\/\/qvance.se\/?page_id=143"},"modified":"2024-11-24T10:36:08","modified_gmt":"2024-11-24T10:36:08","slug":"potency","status":"publish","type":"page","link":"https:\/\/qvance.se\/sv\/potency\/","title":{"rendered":"Potency"},"content":{"rendered":"<div class=\"wp-block-columns is-layout-flex wp-container-core-columns-is-layout-9d6595d7 wp-block-columns-is-layout-flex\">\n<div class=\"wp-block-column is-layout-flow wp-block-column-is-layout-flow\">\n<p>Potency assays \u00e4r utformade f\u00f6r att bed\u00f6ma den biologiska aktiviteten eller effektiviteten hos en terapeutisk produkt, t.ex. en cellbaserad eller genbaserad terapi. <\/p>\n\n\n\n<p>Det prim\u00e4ra m\u00e5let med potensanalyser i detta sammanhang \u00e4r att m\u00e4ta om behandlingen kommer att ge patienten den \u00f6nskade terapeutiska effekten. Dessa analyser \u00e4r avg\u00f6rande f\u00f6r att s\u00e4kerst\u00e4lla konsekvens, s\u00e4kerhet och kvalitet f\u00f6r avancerade terapier.<\/p>\n\n\n\n<p>QVance \u00e4r medvetet om vikten av att utveckla potensanalyser och att dessa analyser \u00e4r skr\u00e4ddarsydda f\u00f6r varje l\u00e4kemedelsprodukter.<\/p>\n\n\n\n<p>Vi arbetar tillsammans med v\u00e5ra kunder f\u00f6r att hitta r\u00e4tt analys eller matris av analyser f\u00f6r din produkt och kan st\u00f6dja processutveckling, validering och efterf\u00f6ljande service av dessa analyser enligt dina behov.<\/p>\n\n\n\n<p>Vi har egen utrustning f\u00f6r cellodling f\u00f6r utveckling av potensanalyser, fl\u00f6descytometri, kolorimetrisk avl\u00e4sning med ELISA-baserade metoder och molekyl\u00e4ra metoder som qPCR.<\/p>\n\n\n\n<p class=\"translation-block\">Kontakta oss f\u00f6r mer information och f\u00f6r att ordna ett inledande samtal om v\u00e5ra tj\u00e4nster via v\u00e5r e-post <a href=\"mailto:info@qvance.se\" target=\"_self\"><strong>info@qvance.se<\/strong><\/a><\/p>\n<\/div>\n\n\n\n<div class=\"wp-block-column is-layout-flow wp-block-column-is-layout-flow\">\n<figure class=\"wp-block-image size-large\"><img loading=\"lazy\" decoding=\"async\" width=\"1024\" height=\"811\" src=\"https:\/\/qvance.se\/wp-content\/uploads\/2024\/11\/potency-2-1024x811.jpeg\" alt=\"\" class=\"wp-image-326\" srcset=\"https:\/\/qvance.se\/wp-content\/uploads\/2024\/11\/potency-2-1024x811.jpeg 1024w, https:\/\/qvance.se\/wp-content\/uploads\/2024\/11\/potency-2-300x238.jpeg 300w, https:\/\/qvance.se\/wp-content\/uploads\/2024\/11\/potency-2-768x608.jpeg 768w, https:\/\/qvance.se\/wp-content\/uploads\/2024\/11\/potency-2.jpeg 1500w\" sizes=\"auto, (max-width: 1024px) 100vw, 1024px\" \/><\/figure>\n<\/div>\n<\/div>","protected":false},"excerpt":{"rendered":"<p>Potency assays are designed to assess the biological activity or effectiveness of a therapeutic product, such as a cell-based or gene-based therapy. The primary goal of potency assays in this context is to measure whether the therapy will produce the desired therapeutic effect once administered to patients. These assays are essential for ensuring the consistency, [&hellip;]<\/p>","protected":false},"author":1,"featured_media":0,"parent":0,"menu_order":0,"comment_status":"closed","ping_status":"closed","template":"","meta":{"footnotes":""},"class_list":["post-143","page","type-page","status-publish","hentry"],"aioseo_notices":[],"_links":{"self":[{"href":"https:\/\/qvance.se\/sv\/wp-json\/wp\/v2\/pages\/143","targetHints":{"allow":["GET"]}}],"collection":[{"href":"https:\/\/qvance.se\/sv\/wp-json\/wp\/v2\/pages"}],"about":[{"href":"https:\/\/qvance.se\/sv\/wp-json\/wp\/v2\/types\/page"}],"author":[{"embeddable":true,"href":"https:\/\/qvance.se\/sv\/wp-json\/wp\/v2\/users\/1"}],"replies":[{"embeddable":true,"href":"https:\/\/qvance.se\/sv\/wp-json\/wp\/v2\/comments?post=143"}],"version-history":[{"count":7,"href":"https:\/\/qvance.se\/sv\/wp-json\/wp\/v2\/pages\/143\/revisions"}],"predecessor-version":[{"id":328,"href":"https:\/\/qvance.se\/sv\/wp-json\/wp\/v2\/pages\/143\/revisions\/328"}],"wp:attachment":[{"href":"https:\/\/qvance.se\/sv\/wp-json\/wp\/v2\/media?parent=143"}],"curies":[{"name":"wp","href":"https:\/\/api.w.org\/{rel}","templated":true}]}}