{"id":145,"date":"2024-11-20T11:03:38","date_gmt":"2024-11-20T11:03:38","guid":{"rendered":"https:\/\/qvance.se\/?page_id=145"},"modified":"2025-02-03T19:53:32","modified_gmt":"2025-02-03T19:53:32","slug":"identity","status":"publish","type":"page","link":"https:\/\/qvance.se\/sv\/identity\/","title":{"rendered":"IDENTITET"},"content":{"rendered":"<div class=\"wp-block-columns is-layout-flex wp-container-core-columns-is-layout-9d6595d7 wp-block-columns-is-layout-flex\">\n<div class=\"wp-block-column is-layout-flow wp-block-column-is-layout-flow\">\n<p>Identitetsanalyser \u00e4r avg\u00f6rande f\u00f6r kvalitetskontrollen av cellterapier, f\u00f6r att s\u00e4kerst\u00e4lla att r\u00e4tt celltyp, korrekt gen eller genetiskt material finns i produkten och att slutprodukten uppfyller de specifikationer som kr\u00e4vs f\u00f6r s\u00e4kerhet och effekt.<\/p>\n\n\n\n<p>QVance utvecklar och anv\u00e4nder robusta, validerade tekniker f\u00f6r identitetstestning i enlighet med regulatoriska standarder, vilket hj\u00e4lper dig att uppr\u00e4tth\u00e5lla h\u00f6g produktkvalitet under hela tillverkningsprocessen och frisl\u00e4ppandet.<\/p>\n\n\n\n<p>V\u00e5ra laboratorier \u00e4r utrustade f\u00f6r protein- och molekyl\u00e4rbaserad analys, med personal som \u00e4r utbildad f\u00f6r att hj\u00e4lpa dig att utveckla analyser som \u00e4r specifika f\u00f6r din produkt.<\/p>\n\n\n\n<p>V\u00e5ra k\u00e4rntekniker inkluderar:<\/p>\n\n\n\n<ul class=\"wp-block-list\">\n<li class=\"left-aligned\">Fl\u00f6descytometri<\/li>\n\n\n\n<li class=\"left-aligned\">qPCR<\/li>\n\n\n\n<li class=\"left-aligned\">ELISA\/kolorimetriska analyser<\/li>\n<\/ul>\n\n\n\n<p class=\"translation-block\">Kontakta oss f\u00f6r mer information och f\u00f6r att ordna ett inledande samtal om v\u00e5ra tj\u00e4nster via v\u00e5r e-post <a href=\"mailto:info@qvance.se\" target=\"_self\"><strong>info@qvance.se<\/strong><\/a><\/p>\n<\/div>\n\n\n\n<div class=\"wp-block-column is-layout-flow wp-block-column-is-layout-flow\">\n<figure class=\"wp-block-image size-full\"><img loading=\"lazy\" decoding=\"async\" width=\"1170\" height=\"878\" src=\"https:\/\/qvance.se\/wp-content\/uploads\/2024\/11\/identity.jpeg\" alt=\"\" class=\"wp-image-310\" srcset=\"https:\/\/qvance.se\/wp-content\/uploads\/2024\/11\/identity.jpeg 1170w, https:\/\/qvance.se\/wp-content\/uploads\/2024\/11\/identity-300x225.jpeg 300w, https:\/\/qvance.se\/wp-content\/uploads\/2024\/11\/identity-1024x768.jpeg 1024w, https:\/\/qvance.se\/wp-content\/uploads\/2024\/11\/identity-768x576.jpeg 768w\" sizes=\"auto, (max-width: 1170px) 100vw, 1170px\" \/><\/figure>\n<\/div>\n<\/div>","protected":false},"excerpt":{"rendered":"<p>Identity assays are critical for the quality control of cell and gene therapies, ensuring that the correct cell, correct gene or genetic is present in the product, and that the final product meets the specifications required for safety and efficacy. QVance develops and uses robust, validated techniques for identity testing complying with regulatory standards, helping [&hellip;]<\/p>","protected":false},"author":1,"featured_media":0,"parent":0,"menu_order":0,"comment_status":"closed","ping_status":"closed","template":"","meta":{"footnotes":""},"class_list":["post-145","page","type-page","status-publish","hentry"],"aioseo_notices":[],"_links":{"self":[{"href":"https:\/\/qvance.se\/sv\/wp-json\/wp\/v2\/pages\/145","targetHints":{"allow":["GET"]}}],"collection":[{"href":"https:\/\/qvance.se\/sv\/wp-json\/wp\/v2\/pages"}],"about":[{"href":"https:\/\/qvance.se\/sv\/wp-json\/wp\/v2\/types\/page"}],"author":[{"embeddable":true,"href":"https:\/\/qvance.se\/sv\/wp-json\/wp\/v2\/users\/1"}],"replies":[{"embeddable":true,"href":"https:\/\/qvance.se\/sv\/wp-json\/wp\/v2\/comments?post=145"}],"version-history":[{"count":7,"href":"https:\/\/qvance.se\/sv\/wp-json\/wp\/v2\/pages\/145\/revisions"}],"predecessor-version":[{"id":339,"href":"https:\/\/qvance.se\/sv\/wp-json\/wp\/v2\/pages\/145\/revisions\/339"}],"wp:attachment":[{"href":"https:\/\/qvance.se\/sv\/wp-json\/wp\/v2\/media?parent=145"}],"curies":[{"name":"wp","href":"https:\/\/api.w.org\/{rel}","templated":true}]}}