{"id":28,"date":"2024-11-13T10:16:02","date_gmt":"2024-11-13T10:16:02","guid":{"rendered":"https:\/\/qvance.se\/?page_id=28"},"modified":"2024-11-24T10:17:23","modified_gmt":"2024-11-24T10:17:23","slug":"vision-and-mission","status":"publish","type":"page","link":"https:\/\/qvance.se\/sv\/vision-and-mission\/","title":{"rendered":"Vision och uppdrag"},"content":{"rendered":"<p>QVance erbjuder en kund- och produktcentrerad metod f\u00f6r kvalitetsanalys.<\/p>\n\n\n\n<div style=\"height:30px\" aria-hidden=\"true\" class=\"wp-block-spacer\"><\/div>\n\n\n\n<div class=\"wp-block-columns is-layout-flex wp-container-core-columns-is-layout-9d6595d7 wp-block-columns-is-layout-flex\">\n<div class=\"wp-block-column is-layout-flow wp-block-column-is-layout-flow\">\n<p>V\u00e5r <em>vision<\/em> \u00e4r att vara en \u201done-stop shop\u201d f\u00f6r kvalitetsanalys f\u00f6r utvecklare av cell- och genterapiq.<\/p>\n\n\n\n<figure class=\"wp-block-image size-large\"><img loading=\"lazy\" decoding=\"async\" width=\"1024\" height=\"1024\" src=\"https:\/\/qvance.se\/wp-content\/uploads\/2025\/02\/VISION-SWE.png\" alt=\"\" class=\"wp-image-253\" srcset=\"https:\/\/qvance.se\/wp-content\/uploads\/2025\/02\/VISION-SWE.png 900w, https:\/\/qvance.se\/wp-content\/uploads\/2025\/02\/VISION-SWE-300x300.png 300w, https:\/\/qvance.se\/wp-content\/uploads\/2025\/02\/VISION-SWE-150x150.png 150w, https:\/\/qvance.se\/wp-content\/uploads\/2025\/02\/VISION-SWE-768x768.png 768w, https:\/\/qvance.se\/wp-content\/uploads\/2025\/02\/VISION-SWE-12x12.png 12w\" sizes=\"auto, (max-width: 1024px) 100vw, 1024px\" \/><\/figure>\n<\/div>\n\n\n\n<div class=\"wp-block-column is-layout-flow wp-block-column-is-layout-flow\">\n<p class=\"translation-block\">V\u00e5r mission \u00e4r att tillgodose behovet av kvalitetsspecialister inom avancerade terapier i och utanf\u00f6r Norden.<\/p>\n\n\n\n<figure class=\"wp-block-image size-large\"><img loading=\"lazy\" decoding=\"async\" width=\"1024\" height=\"1024\" src=\"https:\/\/qvance.se\/wp-content\/uploads\/2025\/02\/mission-SWE.png\" alt=\"\" class=\"wp-image-252\" srcset=\"https:\/\/qvance.se\/wp-content\/uploads\/2025\/02\/mission-SWE.png 900w, https:\/\/qvance.se\/wp-content\/uploads\/2025\/02\/mission-SWE-300x300.png 300w, https:\/\/qvance.se\/wp-content\/uploads\/2025\/02\/mission-SWE-150x150.png 150w, https:\/\/qvance.se\/wp-content\/uploads\/2025\/02\/mission-SWE-768x768.png 768w, https:\/\/qvance.se\/wp-content\/uploads\/2025\/02\/mission-SWE-12x12.png 12w\" sizes=\"auto, (max-width: 1024px) 100vw, 1024px\" \/><\/figure>\n<\/div>\n\n\n\n<div class=\"wp-block-column is-layout-flow wp-block-column-is-layout-flow\">\n<figure class=\"wp-block-image size-large\"><img loading=\"lazy\" decoding=\"async\" width=\"885\" height=\"1024\" src=\"https:\/\/qvance.se\/wp-content\/uploads\/2024\/11\/visionandmission-2-885x1024.jpg\" alt=\"\" class=\"wp-image-307\" srcset=\"https:\/\/qvance.se\/wp-content\/uploads\/2024\/11\/visionandmission-2-885x1024.jpg 885w, https:\/\/qvance.se\/wp-content\/uploads\/2024\/11\/visionandmission-2-259x300.jpg 259w, https:\/\/qvance.se\/wp-content\/uploads\/2024\/11\/visionandmission-2-768x889.jpg 768w, https:\/\/qvance.se\/wp-content\/uploads\/2024\/11\/visionandmission-2.jpg 1168w\" sizes=\"auto, (max-width: 885px) 100vw, 885px\" \/><\/figure>\n<\/div>\n<\/div>","protected":false},"excerpt":{"rendered":"<p>QVance offers a customer and product centric approach to quality analytics. Our vision is to be a one-stop shop quality analytics company for cell and gene therapy companies. Our mission is to address the need for quality specialists in advanced therapies within the Nordics and beyond.<\/p>","protected":false},"author":1,"featured_media":0,"parent":0,"menu_order":0,"comment_status":"closed","ping_status":"closed","template":"","meta":{"footnotes":""},"class_list":["post-28","page","type-page","status-publish","hentry"],"aioseo_notices":[],"_links":{"self":[{"href":"https:\/\/qvance.se\/sv\/wp-json\/wp\/v2\/pages\/28","targetHints":{"allow":["GET"]}}],"collection":[{"href":"https:\/\/qvance.se\/sv\/wp-json\/wp\/v2\/pages"}],"about":[{"href":"https:\/\/qvance.se\/sv\/wp-json\/wp\/v2\/types\/page"}],"author":[{"embeddable":true,"href":"https:\/\/qvance.se\/sv\/wp-json\/wp\/v2\/users\/1"}],"replies":[{"embeddable":true,"href":"https:\/\/qvance.se\/sv\/wp-json\/wp\/v2\/comments?post=28"}],"version-history":[{"count":15,"href":"https:\/\/qvance.se\/sv\/wp-json\/wp\/v2\/pages\/28\/revisions"}],"predecessor-version":[{"id":308,"href":"https:\/\/qvance.se\/sv\/wp-json\/wp\/v2\/pages\/28\/revisions\/308"}],"wp:attachment":[{"href":"https:\/\/qvance.se\/sv\/wp-json\/wp\/v2\/media?parent=28"}],"curies":[{"name":"wp","href":"https:\/\/api.w.org\/{rel}","templated":true}]}}