{"id":30,"date":"2024-11-13T10:16:27","date_gmt":"2024-11-13T10:16:27","guid":{"rendered":"https:\/\/qvance.se\/?page_id=30"},"modified":"2024-11-21T13:38:39","modified_gmt":"2024-11-21T13:38:39","slug":"qvances-values","status":"publish","type":"page","link":"https:\/\/qvance.se\/sv\/qvances-values\/","title":{"rendered":"QVance's V\u00e4rderingar"},"content":{"rendered":"<div class=\"wp-block-columns is-layout-flex wp-container-core-columns-is-layout-9d6595d7 wp-block-columns-is-layout-flex\">\n<div class=\"wp-block-column is-layout-flow wp-block-column-is-layout-flow\" style=\"flex-basis:66.66%\">\n<p>QVance grundades med en stark \u00f6vertygelse: avancerade terapier och biologiska l\u00e4kemedel kr\u00e4ver skr\u00e4ddarsydda l\u00f6sningar som speglar varje produkts unika karakt\u00e4r. F\u00f6r oss st\u00e5r v\u00e5ra kunder och deras specifika behov alltid i centrum. Med r\u00f6tterna i l\u00e4kemedelsutveckling f\u00f6rst\u00e5r vi att innovativa produkter kr\u00e4ver lika innovativa l\u00f6sningar. Vi vet ocks\u00e5 att en standardiserad approach inte fungerar f\u00f6r alla \u2013 det \u00e4r d\u00e4rf\u00f6r vi erbjuder flexibilitet och anpassning i varje steg.<\/p>\n\n\n\n<p>Vi \u00e4r engagerade i att ge v\u00e5ra kunder full kontroll \u00f6ver sina kvalitetsbehov. QVance fungerar som en helhetsleverant\u00f6r med ett omfattande utbud av analytiska testtj\u00e4nster, r\u00e5dgivning och utveckling av analyser. V\u00e5ra tj\u00e4nster \u00e4r utformade f\u00f6r att effektivt m\u00f6ta dina behov, oavsett om du \u00e4r i den tidiga fasen av produktutveckling, f\u00f6rbereder dig f\u00f6r klinisk anv\u00e4ndning eller f\u00f6rbereder en kommersialisering. Vi str\u00e4var efter att vara din p\u00e5litliga partner i varje steg av resan.<\/p>\n<\/div>\n\n\n\n<div class=\"wp-block-column is-layout-flow wp-block-column-is-layout-flow\" style=\"flex-basis:33.33%\">\n<figure class=\"wp-block-image size-full\"><img loading=\"lazy\" decoding=\"async\" width=\"800\" height=\"453\" src=\"https:\/\/qvance.se\/wp-content\/uploads\/2024\/11\/values.jpg\" alt=\"\" class=\"wp-image-180\" srcset=\"https:\/\/qvance.se\/wp-content\/uploads\/2024\/11\/values.jpg 800w, https:\/\/qvance.se\/wp-content\/uploads\/2024\/11\/values-300x170.jpg 300w, https:\/\/qvance.se\/wp-content\/uploads\/2024\/11\/values-768x435.jpg 768w, https:\/\/qvance.se\/wp-content\/uploads\/2024\/11\/values-18x10.jpg 18w\" sizes=\"auto, (max-width: 800px) 100vw, 800px\" \/><\/figure>\n<\/div>\n<\/div>\n\n\n\n<p><\/p>","protected":false},"excerpt":{"rendered":"<p>QVance was born from the knowledge that advanced therapies and biologics need a bespoke solution to fit that unique product. To us, our customers and their product needs come first. We understand as drug developers ourselves, that innovative products require innovative solutions, and one size analytic services do not fit all. We pride ourselves on [&hellip;]<\/p>","protected":false},"author":1,"featured_media":0,"parent":0,"menu_order":0,"comment_status":"closed","ping_status":"closed","template":"","meta":{"footnotes":""},"class_list":["post-30","page","type-page","status-publish","hentry"],"aioseo_notices":[],"_links":{"self":[{"href":"https:\/\/qvance.se\/sv\/wp-json\/wp\/v2\/pages\/30","targetHints":{"allow":["GET"]}}],"collection":[{"href":"https:\/\/qvance.se\/sv\/wp-json\/wp\/v2\/pages"}],"about":[{"href":"https:\/\/qvance.se\/sv\/wp-json\/wp\/v2\/types\/page"}],"author":[{"embeddable":true,"href":"https:\/\/qvance.se\/sv\/wp-json\/wp\/v2\/users\/1"}],"replies":[{"embeddable":true,"href":"https:\/\/qvance.se\/sv\/wp-json\/wp\/v2\/comments?post=30"}],"version-history":[{"count":5,"href":"https:\/\/qvance.se\/sv\/wp-json\/wp\/v2\/pages\/30\/revisions"}],"predecessor-version":[{"id":181,"href":"https:\/\/qvance.se\/sv\/wp-json\/wp\/v2\/pages\/30\/revisions\/181"}],"wp:attachment":[{"href":"https:\/\/qvance.se\/sv\/wp-json\/wp\/v2\/media?parent=30"}],"curies":[{"name":"wp","href":"https:\/\/api.w.org\/{rel}","templated":true}]}}