{"id":32,"date":"2024-11-13T10:16:42","date_gmt":"2024-11-13T10:16:42","guid":{"rendered":"https:\/\/qvance.se\/?page_id=32"},"modified":"2024-11-24T10:12:33","modified_gmt":"2024-11-24T10:12:33","slug":"leadership","status":"publish","type":"page","link":"https:\/\/qvance.se\/sv\/leadership\/","title":{"rendered":"Ledarskap"},"content":{"rendered":"<p>QVance grundades 2024 som ett dotterbolag till NextCell Pharma AB. Med bas i Huddinge, s\u00f6der om Stockholm, v\u00e4xte QVance fram ur insikten om det \u00f6kande behovet av h\u00f6gkvalitativa analystj\u00e4nster f\u00f6r kvalitetskontroll inom cell- och genterapi i Norden.<\/p>\n\n\n\n<p>QVance ledningsgrupp har en samlad kunskap p\u00e5 \u00f6ver 40 \u00e5r inom cell- och genterapiutveckling. Tillsammans har vi utvecklat en f\u00f6retagsvision och mission som \u00e4r l\u00f6sningsorienterat, kund- och produktcentrerat.<\/p>\n\n\n\n<div style=\"height:50px\" aria-hidden=\"true\" class=\"wp-block-spacer\"><\/div>\n\n\n\n<h2 class=\"wp-block-heading\">Grundande team<\/h2>\n\n\n\n<div class=\"wp-block-columns is-layout-flex wp-container-core-columns-is-layout-9d6595d7 wp-block-columns-is-layout-flex\">\n<div class=\"wp-block-column is-layout-flow wp-block-column-is-layout-flow\">\n<figure class=\"wp-block-image size-full\"><img loading=\"lazy\" decoding=\"async\" width=\"1100\" height=\"1100\" src=\"https:\/\/qvance.se\/wp-content\/uploads\/2024\/11\/mathias.png\" alt=\"\" class=\"wp-image-275\" srcset=\"https:\/\/qvance.se\/wp-content\/uploads\/2024\/11\/mathias.png 1100w, https:\/\/qvance.se\/wp-content\/uploads\/2024\/11\/mathias-300x300.png 300w, https:\/\/qvance.se\/wp-content\/uploads\/2024\/11\/mathias-1024x1024.png 1024w, https:\/\/qvance.se\/wp-content\/uploads\/2024\/11\/mathias-150x150.png 150w, https:\/\/qvance.se\/wp-content\/uploads\/2024\/11\/mathias-768x768.png 768w\" sizes=\"auto, (max-width: 1100px) 100vw, 1100px\" \/><\/figure>\n\n\n\n<div style=\"height:30px\" aria-hidden=\"true\" class=\"wp-block-spacer\"><\/div>\n\n\n\n<h3 class=\"wp-block-heading\">Mathias Svahn, PhD<\/h3>\n\n\n\n<p><strong>Styrelsens ordf\u00f6rande<\/strong><\/p>\n\n\n\n<p>Dr Svahn var en av grundarna av NextCell Pharma och har arbetat inom cell- och genterapiomr\u00e5det i 25 \u00e5r. Han \u00e4r en serieentrepren\u00f6r som har grundat Cellaviva, en privat stamcellsbank, och NextCell Pharma, QVances moderbolag, som arbetar med l\u00e4kemedelsutveckling inom cellterapi f\u00f6r autoimmuna och inflammatoriska sjukdomar. Mathias \u00e4r f\u00f6r n\u00e4rvarande anst\u00e4lld som VD f\u00f6r NextCell Pharma och har tidigare arbetat inom life science-sektorn inom akademin p\u00e5 Karolinska Institutet och inom industrin som Medical Manager p\u00e5 Roche.<\/p>\n<\/div>\n\n\n\n<div class=\"wp-block-column is-layout-flow wp-block-column-is-layout-flow\">\n<figure class=\"wp-block-image size-full\"><img loading=\"lazy\" decoding=\"async\" width=\"1100\" height=\"1100\" src=\"https:\/\/qvance.se\/wp-content\/uploads\/2024\/11\/lindsay.png\" alt=\"\" class=\"wp-image-274\" srcset=\"https:\/\/qvance.se\/wp-content\/uploads\/2024\/11\/lindsay.png 1100w, https:\/\/qvance.se\/wp-content\/uploads\/2024\/11\/lindsay-300x300.png 300w, https:\/\/qvance.se\/wp-content\/uploads\/2024\/11\/lindsay-1024x1024.png 1024w, https:\/\/qvance.se\/wp-content\/uploads\/2024\/11\/lindsay-150x150.png 150w, https:\/\/qvance.se\/wp-content\/uploads\/2024\/11\/lindsay-768x768.png 768w\" sizes=\"auto, (max-width: 1100px) 100vw, 1100px\" \/><\/figure>\n\n\n\n<div style=\"height:30px\" aria-hidden=\"true\" class=\"wp-block-spacer\"><\/div>\n\n\n\n<h3 class=\"wp-block-heading\">Lindsay Davies, PhD, FHEA<\/h3>\n\n\n\n<p><strong>Styrelseledamot<\/strong><\/p>\n\n\n\n<p>Dr Davies har \u00f6ver 20 \u00e5rs erfarenhet av att arbeta med cellterapi inom akademi och industri. Lindsay har arbetat med process- och produktutveckling samt med att fastst\u00e4lla kritiska kvalitetsattribut f\u00f6r cellterapier i tidig och sen fas av kliniska pr\u00f6vningar. Lindsay har arbetat med regulatoriska \u00f6verv\u00e4ganden f\u00f6r flera l\u00e4kemedel f\u00f6r avancerad terapi och pr\u00f6vningsl\u00e4kemedel inom Europa.<\/p>\n\n\n\n<p>Lindsay \u00e4r f\u00f6r n\u00e4rvarande Chief Scientific Officer f\u00f6r NextCell Pharma och \u00e4r europeisk regionsekreterare f\u00f6r International Society of Cell and Gene Therapy.<\/p>\n<\/div>\n\n\n\n<div class=\"wp-block-column is-layout-flow wp-block-column-is-layout-flow\">\n<figure class=\"wp-block-image size-full\"><img loading=\"lazy\" decoding=\"async\" width=\"1100\" height=\"1100\" src=\"https:\/\/qvance.se\/wp-content\/uploads\/2024\/11\/patrik.png\" alt=\"\" class=\"wp-image-276\" srcset=\"https:\/\/qvance.se\/wp-content\/uploads\/2024\/11\/patrik.png 1100w, https:\/\/qvance.se\/wp-content\/uploads\/2024\/11\/patrik-300x300.png 300w, https:\/\/qvance.se\/wp-content\/uploads\/2024\/11\/patrik-1024x1024.png 1024w, https:\/\/qvance.se\/wp-content\/uploads\/2024\/11\/patrik-150x150.png 150w, https:\/\/qvance.se\/wp-content\/uploads\/2024\/11\/patrik-768x768.png 768w\" sizes=\"auto, (max-width: 1100px) 100vw, 1100px\" \/><\/figure>\n\n\n\n<div style=\"height:30px\" aria-hidden=\"true\" class=\"wp-block-spacer\"><\/div>\n\n\n\n<h3 class=\"wp-block-heading\">Patrik Fagerholm, MSc&nbsp;&nbsp;<\/h3>\n\n\n\n<p><strong>Chief Financial Officer och styrelseledamot<\/strong><\/p>\n\n\n\n<p>Med \u00f6ver 30 \u00e5rs erfarenhet fr\u00e5n finanssektorn och en specialisering inom life science \u00e4r Patrik ansvarig f\u00f6r finansverksamheten p\u00e5 QVance och styrelseledamot.<\/p>\n<\/div>\n<\/div>","protected":false},"excerpt":{"rendered":"<p>QVance was founded in 2024 and is the daughter company of NextCell Pharma AB. Based in Huddinge in the south of Stockholm, Sweden, the company has evolved out of a recognition for the need for quality control analytical service provision for cell and gene therapy in the Nordics. QVance leadership team have a combined knowledge [&hellip;]<\/p>","protected":false},"author":1,"featured_media":0,"parent":0,"menu_order":0,"comment_status":"closed","ping_status":"closed","template":"","meta":{"footnotes":""},"class_list":["post-32","page","type-page","status-publish","hentry"],"aioseo_notices":[],"_links":{"self":[{"href":"https:\/\/qvance.se\/sv\/wp-json\/wp\/v2\/pages\/32","targetHints":{"allow":["GET"]}}],"collection":[{"href":"https:\/\/qvance.se\/sv\/wp-json\/wp\/v2\/pages"}],"about":[{"href":"https:\/\/qvance.se\/sv\/wp-json\/wp\/v2\/types\/page"}],"author":[{"embeddable":true,"href":"https:\/\/qvance.se\/sv\/wp-json\/wp\/v2\/users\/1"}],"replies":[{"embeddable":true,"href":"https:\/\/qvance.se\/sv\/wp-json\/wp\/v2\/comments?post=32"}],"version-history":[{"count":19,"href":"https:\/\/qvance.se\/sv\/wp-json\/wp\/v2\/pages\/32\/revisions"}],"predecessor-version":[{"id":300,"href":"https:\/\/qvance.se\/sv\/wp-json\/wp\/v2\/pages\/32\/revisions\/300"}],"wp:attachment":[{"href":"https:\/\/qvance.se\/sv\/wp-json\/wp\/v2\/media?parent=32"}],"curies":[{"name":"wp","href":"https:\/\/api.w.org\/{rel}","templated":true}]}}