{"id":34,"date":"2024-11-13T10:16:53","date_gmt":"2024-11-13T10:16:53","guid":{"rendered":"https:\/\/qvance.se\/?page_id=34"},"modified":"2025-05-19T12:45:32","modified_gmt":"2025-05-19T12:45:32","slug":"location","status":"publish","type":"page","link":"https:\/\/qvance.se\/sv\/location\/","title":{"rendered":"Plats och l\u00e4ge"},"content":{"rendered":"<p>QVance \u00e4r bel\u00e4get i hj\u00e4rtat av campus Flemingsberg i s\u00f6dra Stockholm i Sverige. F\u00f6retaget \u00e4r omgivet av ett v\u00e4xande centrum f\u00f6r avancerad terapi och ligger i anslutning till Karolinska Universitetssjukhuset, Karolinska Institutet och Karolinska ATMP Centre. Campus Flemingsberg \u00e4r v\u00e4lutvecklat med nystartade f\u00f6retag och sm\u00e5 och medelstora f\u00f6retag som alla arbetar inom life science-omr\u00e5det. Tillsammans tror vi att detta ger QVance m\u00f6jlighet att integrera sig i en tv\u00e4rvetenskaplig grupp av utvecklare f\u00f6r att st\u00f6dja de banbrytande framsteg som g\u00f6rs i Norden.<\/p>\n\n\n\n<div style=\"height:30px\" aria-hidden=\"true\" class=\"wp-block-spacer\"><\/div>\n\n\n\n<div class=\"wp-block-columns is-layout-flex wp-container-core-columns-is-layout-9d6595d7 wp-block-columns-is-layout-flex\">\n<div class=\"wp-block-column is-layout-flow wp-block-column-is-layout-flow\">\n<iframe src=\"https:\/\/www.google.com\/maps\/embed?pb=!1m18!1m12!1m3!1d2041.7180672261425!2d17.940471199999998!3d59.22072759999999!2m3!1f0!2f0!3f0!3m2!1i1024!2i768!4f13.1!3m3!1m2!1s0x465f70e19659e4b9%3A0x5fe5ff3ffeec8de1!2sH%C3%A4lsov%C3%A4gen%207%2C%20141%2057%20Huddinge%2C%20Sweden!5e0!3m2!1sen!2suk!4v1731676994001!5m2!1sen!2suk\" width=\"600\" height=\"450\" style=\"border:0;\" allowfullscreen=\"\" loading=\"lazy\" referrerpolicy=\"no-referrer-when-downgrade\"><\/iframe>\n<\/div>\n\n\n\n<div class=\"wp-block-column is-layout-flow wp-block-column-is-layout-flow\">\n<h3 class=\"wp-block-heading\">Bes\u00f6karens address<\/h3>\n\n\n\n<ul class=\"wp-block-list\">\n<li class=\"left-aligned\">NOVUM<\/li>\n\n\n\n<li class=\"left-aligned\">H\u00e4lsov\u00e4gen 7<\/li>\n\n\n\n<li class=\"left-aligned\">Plan 8, Hiss D<\/li>\n\n\n\n<li class=\"left-aligned\">141 57<\/li>\n\n\n\n<li class=\"left-aligned\">Huddinge<\/li>\n\n\n\n<li class=\"left-aligned\">Sverige<\/li>\n<\/ul>\n<\/div>\n<\/div>","protected":false},"excerpt":{"rendered":"<p>QVance is situated in the heart of the Flemingsberg campus in the South of Stockholm in Sweden. The company is surrounded by a growing advanced therapy hub, adjacent to Karolinska University Hospital, Karolinska Institute and the Karolinska ATMP Centre. The Flemingsberg campus is well developed with start-up companies and SMEs all working in the life [&hellip;]<\/p>","protected":false},"author":1,"featured_media":0,"parent":0,"menu_order":0,"comment_status":"closed","ping_status":"closed","template":"","meta":{"footnotes":""},"class_list":["post-34","page","type-page","status-publish","hentry"],"aioseo_notices":[],"_links":{"self":[{"href":"https:\/\/qvance.se\/sv\/wp-json\/wp\/v2\/pages\/34","targetHints":{"allow":["GET"]}}],"collection":[{"href":"https:\/\/qvance.se\/sv\/wp-json\/wp\/v2\/pages"}],"about":[{"href":"https:\/\/qvance.se\/sv\/wp-json\/wp\/v2\/types\/page"}],"author":[{"embeddable":true,"href":"https:\/\/qvance.se\/sv\/wp-json\/wp\/v2\/users\/1"}],"replies":[{"embeddable":true,"href":"https:\/\/qvance.se\/sv\/wp-json\/wp\/v2\/comments?post=34"}],"version-history":[{"count":11,"href":"https:\/\/qvance.se\/sv\/wp-json\/wp\/v2\/pages\/34\/revisions"}],"predecessor-version":[{"id":381,"href":"https:\/\/qvance.se\/sv\/wp-json\/wp\/v2\/pages\/34\/revisions\/381"}],"wp:attachment":[{"href":"https:\/\/qvance.se\/sv\/wp-json\/wp\/v2\/media?parent=34"}],"curies":[{"name":"wp","href":"https:\/\/api.w.org\/{rel}","templated":true}]}}