{"id":370,"date":"2025-05-19T12:22:16","date_gmt":"2025-05-19T12:22:16","guid":{"rendered":"https:\/\/qvance.se\/?page_id=370"},"modified":"2025-05-21T10:20:20","modified_gmt":"2025-05-21T10:20:20","slug":"other-services","status":"publish","type":"page","link":"https:\/\/qvance.se\/sv\/other-services\/","title":{"rendered":"\u00d6VRIGA TJ\u00c4NSTER"},"content":{"rendered":"<div class=\"wp-block-columns is-layout-flex wp-container-core-columns-is-layout-9d6595d7 wp-block-columns-is-layout-flex\">\n<div class=\"wp-block-column is-layout-flow wp-block-column-is-layout-flow\">\n<p>QVance kan erbjuda en rad andra tj\u00e4nster p\u00e5 plats, bland annat<\/p>\n\n\n\n<p>Milj\u00f6\u00f6vervakning<\/p>\n\n\n\n<p>Inkubering och rapportering av \u00f6vriga prov, inklusive flaskor fr\u00e5n media fill och agarplattor i samband med milj\u00f6\u00f6vervakning<\/p>\n\n\n\n<p>Tillhandah\u00e5llande av r\u00e5material s\u00e5som sterila agarplattor och BACTALERT\u00ae-flaskor f\u00f6r inokulering utanf\u00f6r anl\u00e4ggningen<\/p>\n\n\n\n<p>F\u00f6r andra s\u00e4rskilda \u00f6nskem\u00e5l eller krav, v\u00e4nligen kontakta oss p\u00e5 <a href=\"mailto:info@qvance.se\">info@qvance.se<\/a><\/p>\n<\/div>\n\n\n\n<div class=\"wp-block-column is-layout-flow wp-block-column-is-layout-flow\">\n<figure class=\"wp-block-image size-full\"><img loading=\"lazy\" decoding=\"async\" width=\"612\" height=\"408\" src=\"https:\/\/qvance.se\/wp-content\/uploads\/2025\/05\/Picture-1.jpg\" alt=\"\" class=\"wp-image-369\" srcset=\"https:\/\/qvance.se\/wp-content\/uploads\/2025\/05\/Picture-1.jpg 612w, https:\/\/qvance.se\/wp-content\/uploads\/2025\/05\/Picture-1-300x200.jpg 300w, https:\/\/qvance.se\/wp-content\/uploads\/2025\/05\/Picture-1-18x12.jpg 18w\" sizes=\"auto, (max-width: 612px) 100vw, 612px\" \/><\/figure>\n<\/div>\n<\/div>\n\n\n\n<p><\/p>","protected":false},"excerpt":{"rendered":"<p>QVance is able to offer a range of other services on site including: Environmental monitoring Incubation and reporting for other test samples including media fill bottles and agar plates Provision of raw materials such as sterile agar plates and BACTALERT\u00ae bottles for off-site inoculation For other specialist requirements that you may have please contact us [&hellip;]<\/p>","protected":false},"author":1,"featured_media":0,"parent":0,"menu_order":0,"comment_status":"closed","ping_status":"closed","template":"","meta":{"footnotes":""},"class_list":["post-370","page","type-page","status-publish","hentry"],"aioseo_notices":[],"_links":{"self":[{"href":"https:\/\/qvance.se\/sv\/wp-json\/wp\/v2\/pages\/370","targetHints":{"allow":["GET"]}}],"collection":[{"href":"https:\/\/qvance.se\/sv\/wp-json\/wp\/v2\/pages"}],"about":[{"href":"https:\/\/qvance.se\/sv\/wp-json\/wp\/v2\/types\/page"}],"author":[{"embeddable":true,"href":"https:\/\/qvance.se\/sv\/wp-json\/wp\/v2\/users\/1"}],"replies":[{"embeddable":true,"href":"https:\/\/qvance.se\/sv\/wp-json\/wp\/v2\/comments?post=370"}],"version-history":[{"count":10,"href":"https:\/\/qvance.se\/sv\/wp-json\/wp\/v2\/pages\/370\/revisions"}],"predecessor-version":[{"id":386,"href":"https:\/\/qvance.se\/sv\/wp-json\/wp\/v2\/pages\/370\/revisions\/386"}],"wp:attachment":[{"href":"https:\/\/qvance.se\/sv\/wp-json\/wp\/v2\/media?parent=370"}],"curies":[{"name":"wp","href":"https:\/\/api.w.org\/{rel}","templated":true}]}}