{"id":43,"date":"2024-11-13T10:17:55","date_gmt":"2024-11-13T10:17:55","guid":{"rendered":"https:\/\/qvance.se\/?page_id=43"},"modified":"2024-11-21T14:00:10","modified_gmt":"2024-11-21T14:00:10","slug":"facilities","status":"publish","type":"page","link":"https:\/\/qvance.se\/sv\/facilities\/","title":{"rendered":"Faciliteter"},"content":{"rendered":"<div class=\"wp-block-columns is-layout-flex wp-container-core-columns-is-layout-9d6595d7 wp-block-columns-is-layout-flex\">\n<div class=\"wp-block-column is-layout-flow wp-block-column-is-layout-flow\">\n<p>QVances laboratorier \u00e4r bel\u00e4gna i Huddinge, s\u00f6der om Stockholm i Sverige. F\u00f6r att tillgodose behovet av GMP-\u00f6verensst\u00e4mmelse i sina tj\u00e4nsteerbjudanden har QVance tv\u00e5 renrumsanl\u00e4ggningar av klass D med zoner av klass A f\u00f6r cellodling, molekyl\u00e4rbiologi och sterilitetsbed\u00f6mningar.<\/p>\n\n\n\n<p>Anl\u00e4ggningen har ocks\u00e5 tv\u00e5 andra oklassificerade laboratorier f\u00f6r fl\u00f6descytometri och biokemiska analyser.<\/p>\n\n\n\n<p>Temperaturkontrollerad f\u00f6raving av biologiskt material erbjuds f\u00f6r temperaturerna, 4\u02da C, -20\u02da C samt kryogenisk f\u00f6rvaring i gasfasen av flytande kv\u00e4ve, &lt; -190\u02da C.<\/p>\n<\/div>\n\n\n\n<div class=\"wp-block-column is-layout-flow wp-block-column-is-layout-flow\">\n<figure class=\"wp-block-image size-large\"><img loading=\"lazy\" decoding=\"async\" width=\"1024\" height=\"995\" src=\"https:\/\/qvance.se\/wp-content\/uploads\/2024\/11\/facilities2-Copy-1024x995.jpeg\" alt=\"\" class=\"wp-image-201\" srcset=\"https:\/\/qvance.se\/wp-content\/uploads\/2024\/11\/facilities2-Copy-1024x995.jpeg 1024w, https:\/\/qvance.se\/wp-content\/uploads\/2024\/11\/facilities2-Copy-300x292.jpeg 300w, https:\/\/qvance.se\/wp-content\/uploads\/2024\/11\/facilities2-Copy-768x746.jpeg 768w, https:\/\/qvance.se\/wp-content\/uploads\/2024\/11\/facilities2-Copy-12x12.jpeg 12w, https:\/\/qvance.se\/wp-content\/uploads\/2024\/11\/facilities2-Copy.jpeg 1500w\" sizes=\"auto, (max-width: 1024px) 100vw, 1024px\" \/><\/figure>\n<\/div>\n\n\n\n<div class=\"wp-block-column is-layout-flow wp-block-column-is-layout-flow\">\n<figure class=\"wp-block-image size-large\"><img loading=\"lazy\" decoding=\"async\" width=\"1024\" height=\"997\" src=\"https:\/\/qvance.se\/wp-content\/uploads\/2024\/11\/facilities-Copy-1024x997.jpeg\" alt=\"\" class=\"wp-image-203\" srcset=\"https:\/\/qvance.se\/wp-content\/uploads\/2024\/11\/facilities-Copy-1024x997.jpeg 1024w, https:\/\/qvance.se\/wp-content\/uploads\/2024\/11\/facilities-Copy-300x292.jpeg 300w, https:\/\/qvance.se\/wp-content\/uploads\/2024\/11\/facilities-Copy-768x748.jpeg 768w, https:\/\/qvance.se\/wp-content\/uploads\/2024\/11\/facilities-Copy-12x12.jpeg 12w, https:\/\/qvance.se\/wp-content\/uploads\/2024\/11\/facilities-Copy.jpeg 1500w\" sizes=\"auto, (max-width: 1024px) 100vw, 1024px\" \/><\/figure>\n<\/div>\n<\/div>\n\n\n\n<div class=\"wp-block-columns is-layout-flex wp-container-core-columns-is-layout-9d6595d7 wp-block-columns-is-layout-flex\">\n<div class=\"wp-block-column is-layout-flow wp-block-column-is-layout-flow\" style=\"flex-basis:66.66%\"><\/div>\n\n\n\n<div class=\"wp-block-column is-layout-flow wp-block-column-is-layout-flow\" style=\"flex-basis:33.33%\"><\/div>\n<\/div>","protected":false},"excerpt":{"rendered":"<p>QVance\u2019s laboratories are based in Huddinge, south of Stockholm in Sweden. To address the need for GMP compliance in its service offerings, QVance has two Grade D cleanroom facilities with Grade A zones for the conduct of cell culture, molecular biology and sterility assessments. The facility also offers two further unclassified laboratories for the conduct [&hellip;]<\/p>","protected":false},"author":1,"featured_media":0,"parent":0,"menu_order":0,"comment_status":"closed","ping_status":"closed","template":"","meta":{"footnotes":""},"class_list":["post-43","page","type-page","status-publish","hentry"],"aioseo_notices":[],"_links":{"self":[{"href":"https:\/\/qvance.se\/sv\/wp-json\/wp\/v2\/pages\/43","targetHints":{"allow":["GET"]}}],"collection":[{"href":"https:\/\/qvance.se\/sv\/wp-json\/wp\/v2\/pages"}],"about":[{"href":"https:\/\/qvance.se\/sv\/wp-json\/wp\/v2\/types\/page"}],"author":[{"embeddable":true,"href":"https:\/\/qvance.se\/sv\/wp-json\/wp\/v2\/users\/1"}],"replies":[{"embeddable":true,"href":"https:\/\/qvance.se\/sv\/wp-json\/wp\/v2\/comments?post=43"}],"version-history":[{"count":5,"href":"https:\/\/qvance.se\/sv\/wp-json\/wp\/v2\/pages\/43\/revisions"}],"predecessor-version":[{"id":204,"href":"https:\/\/qvance.se\/sv\/wp-json\/wp\/v2\/pages\/43\/revisions\/204"}],"wp:attachment":[{"href":"https:\/\/qvance.se\/sv\/wp-json\/wp\/v2\/media?parent=43"}],"curies":[{"name":"wp","href":"https:\/\/api.w.org\/{rel}","templated":true}]}}