{"id":45,"date":"2024-11-13T10:18:09","date_gmt":"2024-11-13T10:18:09","guid":{"rendered":"https:\/\/qvance.se\/?page_id=45"},"modified":"2024-11-20T11:13:39","modified_gmt":"2024-11-20T11:13:39","slug":"services","status":"publish","type":"page","link":"https:\/\/qvance.se\/sv\/services\/","title":{"rendered":"Services"},"content":{"rendered":"<p><strong>RENHET<\/strong><\/p>\n\n\n\n<p>QVance kan erbjuda f\u00f6ljande tj\u00e4nster p\u00e5 i Sverige.<\/p>\n\n\n\n<p>Sterilitet (snabbtestning via BACTALERT\u00ae 3D)<\/p>\n\n\n\n<p>Mykoplasma-detektion (qPCR med BIOFIRE\u00ae)<\/p>\n\n\n\n<p>Endotoxin (Endosafe\u00ae nexgen-PTS\u2122)<\/p>\n\n\n\n<p>Vi hj\u00e4lper g\u00e4rna v\u00e5ra kunder att utveckla nya, specifika analyser f\u00f6r att utv\u00e4rdera renheten hos prover och l\u00e4kemedelsprodukter. Dessutom finns ett brett utbud av analyser f\u00f6r utv\u00e4rdering av f\u00f6roreningar, utv\u00e4rdering och kvalificering av r\u00e5material, lakbara och extraherbara \u00e4mnen samt partiklar. Dessa analyser erbjuder QVance via v\u00e5ra partners. F\u00f6r ytterligare information, v\u00e4nligen kontakta oss p\u00e5 info@qvance.se <a href=\"mailto:info@qvance.se\">info@qvance.se<\/a><\/p>\n\n\n\n<p><strong>Potency<\/strong><\/p>\n\n\n\n<p>QVance recognises the importance of potency assay development and the bespoke nature of these assays for individual drug products. We work with our customers to find the right assay or matrix of assays for your product and can support process development, validation and subsequent service provision of these assays according to your needs.<\/p>\n\n\n\n<p>Vi har egen utrustning f\u00f6r cellodling f\u00f6r utveckling av potensanalyser, fl\u00f6descytometri, kolorimetrisk avl\u00e4sning med ELISA-baserade metoder och molekyl\u00e4ra metoder som qPCR.<\/p>\n\n\n\n<p>Contact us for more details and to arrange an introductory call to our service provision via our email <a href=\"mailto:info@qvance.se\">info@qvance.se<\/a><\/p>\n\n\n\n<p><strong>IDENTITET<\/strong><\/p>\n\n\n\n<p>V\u00e5ra laboratorier \u00e4r utrustade f\u00f6r protein- och molekyl\u00e4rbaserad analys, med personal som \u00e4r utbildad f\u00f6r att hj\u00e4lpa dig att utveckla analyser som \u00e4r specifika f\u00f6r din produkt.<\/p>\n\n\n\n<p>V\u00e5ra k\u00e4rntekniker inkluderar:<\/p>\n\n\n\n<ul class=\"wp-block-list\">\n<li>Fl\u00f6descytometri<\/li>\n\n\n\n<li>qPCR<\/li>\n\n\n\n<li>ELISA\/kolorimetriska analyser<\/li>\n<\/ul>","protected":false},"excerpt":{"rendered":"<p>Purity QVance is able to offer the following services on site in Sweden. Sterility (rapid testing via BACTALERT\u00ae 3D) Mycoplasma detection (qPCR using BIOFIRE\u00ae) Endotoxin (Endosafe\u00ae nexgen-PTS\u2122) We are happy to support customers with the development of new, specific assays for evaluation purity of samples and drug products. Additionally, a wide range of assays for [&hellip;]<\/p>","protected":false},"author":1,"featured_media":0,"parent":0,"menu_order":0,"comment_status":"closed","ping_status":"closed","template":"","meta":{"footnotes":""},"class_list":["post-45","page","type-page","status-publish","hentry"],"aioseo_notices":[],"_links":{"self":[{"href":"https:\/\/qvance.se\/sv\/wp-json\/wp\/v2\/pages\/45","targetHints":{"allow":["GET"]}}],"collection":[{"href":"https:\/\/qvance.se\/sv\/wp-json\/wp\/v2\/pages"}],"about":[{"href":"https:\/\/qvance.se\/sv\/wp-json\/wp\/v2\/types\/page"}],"author":[{"embeddable":true,"href":"https:\/\/qvance.se\/sv\/wp-json\/wp\/v2\/users\/1"}],"replies":[{"embeddable":true,"href":"https:\/\/qvance.se\/sv\/wp-json\/wp\/v2\/comments?post=45"}],"version-history":[{"count":2,"href":"https:\/\/qvance.se\/sv\/wp-json\/wp\/v2\/pages\/45\/revisions"}],"predecessor-version":[{"id":114,"href":"https:\/\/qvance.se\/sv\/wp-json\/wp\/v2\/pages\/45\/revisions\/114"}],"wp:attachment":[{"href":"https:\/\/qvance.se\/sv\/wp-json\/wp\/v2\/media?parent=45"}],"curies":[{"name":"wp","href":"https:\/\/api.w.org\/{rel}","templated":true}]}}