{"id":49,"date":"2024-11-13T10:18:30","date_gmt":"2024-11-13T10:18:30","guid":{"rendered":"https:\/\/qvance.se\/?page_id=49"},"modified":"2024-11-24T09:10:54","modified_gmt":"2024-11-24T09:10:54","slug":"partnerships","status":"publish","type":"page","link":"https:\/\/qvance.se\/sv\/partnerships\/","title":{"rendered":"Partnerskap"},"content":{"rendered":"<p>QVance \u00e4r stolta \u00f6ver att samarbeta med v\u00e4rldsledande specialister f\u00f6r att kunna erbjuda v\u00e5ra kunder helt\u00e4ckande kvalitetsl\u00f6sningar.<\/p>\n\n\n\n<p>L\u00e4s mer om v\u00e5ra partnerskap nedan. Om du vill samarbeta med QVance, v\u00e4nligen kontakta oss p\u00e5 info@qvance.se <a href=\"mailto:info@qvance.se\"><strong>info@qvance.se<\/strong><\/a><\/p>\n\n\n\n<div class=\"wp-block-columns is-layout-flex wp-container-core-columns-is-layout-9d6595d7 wp-block-columns-is-layout-flex\">\n<div class=\"wp-block-column is-vertically-aligned-center is-layout-flow wp-block-column-is-layout-flow\" style=\"flex-basis:33.33%\"><div class=\"wp-block-image\">\n<figure class=\"aligncenter size-full\"><img loading=\"lazy\" decoding=\"async\" width=\"450\" height=\"375\" src=\"https:\/\/qvance.se\/wp-content\/uploads\/2024\/11\/bm_logo_circle_rgb.medium-2024-1.png\" alt=\"\" class=\"wp-image-75\" srcset=\"https:\/\/qvance.se\/wp-content\/uploads\/2024\/11\/bm_logo_circle_rgb.medium-2024-1.png 450w, https:\/\/qvance.se\/wp-content\/uploads\/2024\/11\/bm_logo_circle_rgb.medium-2024-1-300x250.png 300w\" sizes=\"auto, (max-width: 450px) 100vw, 450px\" \/><\/figure>\n<\/div><\/div>\n\n\n\n<div class=\"wp-block-column is-vertically-aligned-center is-layout-flow wp-block-column-is-layout-flow\" style=\"flex-basis:66.66%\">\n<p class=\"translation-block\">&lt;strongbioM\u00e9rieux<\/strong> \u00e4r erk\u00e4nt som en global ledare inom in vitro-diagnostik och tillhandah\u00e5ller innovativa l\u00f6sningar till cell- och genterapiutvecklare. Detta samarbete kommer att utnyttja styrkorna hos b\u00e5da f\u00f6retagen f\u00f6r att utveckla innovativa l\u00f6sningar och st\u00f6dja det Nordiska klustret inom avancerade terapier. QVance kommer, f\u00f6rutom att erbjuda bioM\u00e9rieux l\u00f6sningar, att erbjuda kunderna en m\u00f6jlighet att bes\u00f6ka QVances anl\u00e4ggning i Stockholm och se bioM\u00e9rieux Teknik, fr\u00e5n f\u00f6rsta parkett. Tillsammans kommer f\u00f6retagen att st\u00f6dja utvecklingen av snabba och kompatibla testmetoder f\u00f6r kvalitetskontroll av avancerade terapier i Norden. \n <strong><a href=\"https:\/\/qvance.se\/wp-content\/uploads\/2024\/11\/QVance-PR-bioMerieux-SWE-.pdf\" target=\"_blank\" rel=\"noreferrer noopener\">L\u00e4s mer i v\u00e5rt pressmeddelande. <\/a><\/strong><\/p>\n<\/div>\n<\/div>\n\n\n\n<div style=\"height:100px\" aria-hidden=\"true\" class=\"wp-block-spacer\"><\/div>\n\n\n\n<div class=\"wp-block-columns is-layout-flex wp-container-core-columns-is-layout-9d6595d7 wp-block-columns-is-layout-flex\">\n<div class=\"wp-block-column is-vertically-aligned-center is-layout-flow wp-block-column-is-layout-flow\" style=\"flex-basis:33.33%\"><div class=\"wp-block-image\">\n<figure class=\"aligncenter size-full\"><img loading=\"lazy\" decoding=\"async\" width=\"1920\" height=\"1080\" src=\"https:\/\/qvance.se\/wp-content\/uploads\/2024\/11\/JPG-Royale-International-Logo.jpg\" alt=\"\" class=\"wp-image-258\" srcset=\"https:\/\/qvance.se\/wp-content\/uploads\/2024\/11\/JPG-Royale-International-Logo.jpg 1920w, https:\/\/qvance.se\/wp-content\/uploads\/2024\/11\/JPG-Royale-International-Logo-300x169.jpg 300w, https:\/\/qvance.se\/wp-content\/uploads\/2024\/11\/JPG-Royale-International-Logo-1024x576.jpg 1024w, https:\/\/qvance.se\/wp-content\/uploads\/2024\/11\/JPG-Royale-International-Logo-768x432.jpg 768w, https:\/\/qvance.se\/wp-content\/uploads\/2024\/11\/JPG-Royale-International-Logo-1536x864.jpg 1536w, https:\/\/qvance.se\/wp-content\/uploads\/2024\/11\/JPG-Royale-International-Logo-18x10.jpg 18w\" sizes=\"auto, (max-width: 1920px) 100vw, 1920px\" \/><\/figure>\n<\/div><\/div>\n\n\n\n<div class=\"wp-block-column is-vertically-aligned-center is-layout-flow wp-block-column-is-layout-flow\" style=\"flex-basis:66.66%\">\n<p class=\"translation-block\">Royale International \u00e4r en kvalitetsdriven organisation som tillhandah\u00e5ller skr\u00e4ddarsydda logistikl\u00f6sningar till sina kunder genom erfarenhet, innovation och samarbete. Detta partnerskap markerar en viktig milstolpe i utvecklingen av helhetsl\u00f6sningar f\u00f6r distribution i kylkedjan och analystj\u00e4nster f\u00f6r kvalitetskontroll inom cell- och genterapisektorn, d\u00e4r Royale Internationals omfattande expertis inom internationell sj\u00f6fart och logistikhantering kombineras med QVances innovativa l\u00f6sningar inom kvalitetsanalystj\u00e4nster. Tillsammans siktar de tv\u00e5 f\u00f6retagen p\u00e5 att tillgodose behovet av individanpassade tj\u00e4nster f\u00f6r l\u00e4kemedelsutvecklare och tillverkare inom kylkedjehantering och frisl\u00e4ppande av cell- och genterapier i Norden och Europa. <strong><a href=\"https:\/\/qvance.se\/wp-content\/uploads\/2024\/11\/partnershipwithroyaleinternational.pdf\" target=\"_self\">L\u00e4s mer i v\u00e5rt pressmeddelande.<\/a><\/p>\n<\/div>\n<\/div>","protected":false},"excerpt":{"rendered":"<p>QVance is proud to partner with world leading specialists to provide end-to-end quality solutions for our customers. Learn more about our partnerships below. If you would like to partner with QVance please reach out to us at info@qvance.se bioM\u00e9rieux is recognised as a global leader in in vitro diagnostics, providing innovative solutions to cell and [&hellip;]<\/p>","protected":false},"author":1,"featured_media":0,"parent":0,"menu_order":0,"comment_status":"closed","ping_status":"closed","template":"","meta":{"footnotes":""},"class_list":["post-49","page","type-page","status-publish","hentry"],"aioseo_notices":[],"_links":{"self":[{"href":"https:\/\/qvance.se\/sv\/wp-json\/wp\/v2\/pages\/49","targetHints":{"allow":["GET"]}}],"collection":[{"href":"https:\/\/qvance.se\/sv\/wp-json\/wp\/v2\/pages"}],"about":[{"href":"https:\/\/qvance.se\/sv\/wp-json\/wp\/v2\/types\/page"}],"author":[{"embeddable":true,"href":"https:\/\/qvance.se\/sv\/wp-json\/wp\/v2\/users\/1"}],"replies":[{"embeddable":true,"href":"https:\/\/qvance.se\/sv\/wp-json\/wp\/v2\/comments?post=49"}],"version-history":[{"count":20,"href":"https:\/\/qvance.se\/sv\/wp-json\/wp\/v2\/pages\/49\/revisions"}],"predecessor-version":[{"id":405,"href":"https:\/\/qvance.se\/sv\/wp-json\/wp\/v2\/pages\/49\/revisions\/405"}],"wp:attachment":[{"href":"https:\/\/qvance.se\/sv\/wp-json\/wp\/v2\/media?parent=49"}],"curies":[{"name":"wp","href":"https:\/\/api.w.org\/{rel}","templated":true}]}}