{"id":55,"date":"2024-11-13T10:19:07","date_gmt":"2024-11-13T10:19:07","guid":{"rendered":"https:\/\/qvance.se\/?page_id=55"},"modified":"2026-01-12T11:48:54","modified_gmt":"2026-01-12T11:48:54","slug":"upcoming-events","status":"publish","type":"page","link":"https:\/\/qvance.se\/sv\/upcoming-events\/","title":{"rendered":"Kommande evenemang"},"content":{"rendered":"<div class=\"wp-block-columns is-layout-flex wp-container-core-columns-is-layout-9d6595d7 wp-block-columns-is-layout-flex\">\n<div class=\"wp-block-column is-layout-flow wp-block-column-is-layout-flow\" style=\"flex-basis:66.66%\">\n<h3 class=\"wp-block-heading\">M\u00f6t QVance-teamet!<\/h3>\n\n\n\n<p>QVances team gillar att h\u00e5lla sig uppdaterade om nya innovationer och framsteg inom cellterapi- och biologisektorn. Vi reser runt i v\u00e4rlden och deltar i m\u00f6ten och konferenser f\u00f6r att ut\u00f6ka v\u00e5r kunskap och v\u00e5rt n\u00e4tverk. Kontakta g\u00e4rna v\u00e5rt team (info@qvance.se) f\u00f6r att boka in ett m\u00f6te eller f\u00f6r att f\u00e5 mer information.<a href=\"mailto:info@qvance.se\"><strong>info@qvance.se<\/strong><\/a>) to set up a meeting at the event or to request further information.<\/p>\n\n\n\n<p>Vi ser fram emot att tr\u00e4ffa dig snart!<\/p>\n\n\n\n<p>Vi kommer att delta i:<\/p>\n\n\n\n<ul class=\"wp-block-list\">\n<li class=\"left-aligned translation-block\"><strong>Advanced Therapies UK<\/strong> \u2013 London, UK \u2013 16-18 mars 2026<\/li>\n\n\n\n<li class=\"left-aligned translation-block\"><strong>ATMP Flemingsberg Life Science Fair<\/strong> \u2013 Flemingsberg, Sweden 25th mars 2026<\/li>\n\n\n\n<li class=\"left-aligned translation-block\"><strong>ATMP Flemingsberg Life Science Fair<\/strong> \u2013 Flemingsberg, Sweden 29th april 2026<\/li>\n\n\n\n<li class=\"left-aligned translation-block\"><strong>ISCT 2026<\/strong> \u2013 Dublin, Ireland \u2013 6-9 mai 2026<\/li>\n<\/ul>\n<\/div>\n\n\n\n<div class=\"wp-block-column is-layout-flow wp-block-column-is-layout-flow\" style=\"flex-basis:33.33%\">\n<figure class=\"wp-block-image size-full\"><img loading=\"lazy\" decoding=\"async\" width=\"858\" height=\"1022\" src=\"https:\/\/qvance.se\/wp-content\/uploads\/2024\/11\/popup.jpeg\" alt=\"\" class=\"wp-image-245\" srcset=\"https:\/\/qvance.se\/wp-content\/uploads\/2024\/11\/popup.jpeg 858w, https:\/\/qvance.se\/wp-content\/uploads\/2024\/11\/popup-252x300.jpeg 252w, https:\/\/qvance.se\/wp-content\/uploads\/2024\/11\/popup-768x915.jpeg 768w, https:\/\/qvance.se\/wp-content\/uploads\/2024\/11\/popup-10x12.jpeg 10w\" sizes=\"auto, (max-width: 858px) 100vw, 858px\" \/><\/figure>\n<\/div>\n<\/div>","protected":false},"excerpt":{"rendered":"<p>Meet the QVance team! QVance\u2019s team likes to stay up to date with new innovations and advances in the cell therapy and biologics sector. We travel the world attending meetings and conferences to expand our knowledge and network. Please reach out to our team (info@qvance.se) to set up a meeting at the event or to [&hellip;]<\/p>","protected":false},"author":1,"featured_media":0,"parent":0,"menu_order":0,"comment_status":"closed","ping_status":"closed","template":"","meta":{"footnotes":""},"class_list":["post-55","page","type-page","status-publish","hentry"],"aioseo_notices":[],"_links":{"self":[{"href":"https:\/\/qvance.se\/sv\/wp-json\/wp\/v2\/pages\/55","targetHints":{"allow":["GET"]}}],"collection":[{"href":"https:\/\/qvance.se\/sv\/wp-json\/wp\/v2\/pages"}],"about":[{"href":"https:\/\/qvance.se\/sv\/wp-json\/wp\/v2\/types\/page"}],"author":[{"embeddable":true,"href":"https:\/\/qvance.se\/sv\/wp-json\/wp\/v2\/users\/1"}],"replies":[{"embeddable":true,"href":"https:\/\/qvance.se\/sv\/wp-json\/wp\/v2\/comments?post=55"}],"version-history":[{"count":22,"href":"https:\/\/qvance.se\/sv\/wp-json\/wp\/v2\/pages\/55\/revisions"}],"predecessor-version":[{"id":413,"href":"https:\/\/qvance.se\/sv\/wp-json\/wp\/v2\/pages\/55\/revisions\/413"}],"wp:attachment":[{"href":"https:\/\/qvance.se\/sv\/wp-json\/wp\/v2\/media?parent=55"}],"curies":[{"name":"wp","href":"https:\/\/api.w.org\/{rel}","templated":true}]}}