{"id":61,"date":"2024-11-13T10:19:51","date_gmt":"2024-11-13T10:19:51","guid":{"rendered":"https:\/\/qvance.se\/?page_id=61"},"modified":"2024-11-24T19:41:01","modified_gmt":"2024-11-24T19:41:01","slug":"contact-us","status":"publish","type":"page","link":"https:\/\/qvance.se\/sv\/contact-us\/","title":{"rendered":"Kontakta Oss"},"content":{"rendered":"<p>Om du \u00e4r intresserad av att l\u00e4ra dig mer om v\u00e5ra tj\u00e4nster eller boka ett inledande samtal, kontakta oss p\u00e5 <a href=\"mailto:info@qvance.se\"><strong>info@qvance.se<\/strong><\/a>.<\/p>","protected":false},"excerpt":{"rendered":"<p>If you are interested in learning more about our services or to arrange an introductory call please contact us at info@qvance.se.<\/p>","protected":false},"author":1,"featured_media":0,"parent":0,"menu_order":0,"comment_status":"closed","ping_status":"closed","template":"","meta":{"footnotes":""},"class_list":["post-61","page","type-page","status-publish","hentry"],"aioseo_notices":[],"_links":{"self":[{"href":"https:\/\/qvance.se\/sv\/wp-json\/wp\/v2\/pages\/61","targetHints":{"allow":["GET"]}}],"collection":[{"href":"https:\/\/qvance.se\/sv\/wp-json\/wp\/v2\/pages"}],"about":[{"href":"https:\/\/qvance.se\/sv\/wp-json\/wp\/v2\/types\/page"}],"author":[{"embeddable":true,"href":"https:\/\/qvance.se\/sv\/wp-json\/wp\/v2\/users\/1"}],"replies":[{"embeddable":true,"href":"https:\/\/qvance.se\/sv\/wp-json\/wp\/v2\/comments?post=61"}],"version-history":[{"count":8,"href":"https:\/\/qvance.se\/sv\/wp-json\/wp\/v2\/pages\/61\/revisions"}],"predecessor-version":[{"id":335,"href":"https:\/\/qvance.se\/sv\/wp-json\/wp\/v2\/pages\/61\/revisions\/335"}],"wp:attachment":[{"href":"https:\/\/qvance.se\/sv\/wp-json\/wp\/v2\/media?parent=61"}],"curies":[{"name":"wp","href":"https:\/\/api.w.org\/{rel}","templated":true}]}}